{"id":21,"date":"2024-03-15T21:42:10","date_gmt":"2024-03-15T20:42:10","guid":{"rendered":"http:\/\/hotel-boss.home.pl\/autoinstalator\/wordpressplugins\/?page_id=21"},"modified":"2024-03-15T21:48:10","modified_gmt":"2024-03-15T20:48:10","slug":"strona-glowna","status":"publish","type":"page","link":"https:\/\/fundacja.bagatelka.info\/","title":{"rendered":"Strona g\u0142\u00f3wna"},"content":{"rendered":"\n<p>Fundacja \u201eBagatelka\u201d jest organizacj\u0105 zrzeszaj\u0105c\u0105 ludzi kultury i nauki, pedagog\u00f3w, przedsi\u0119biorc\u00f3w, artyst\u00f3w oraz ludzi przekonanych, \u017ce rozw\u00f3j m\u0142odzie\u0144czych talent\u00f3w i pasji to sprawa bardzo istotna tak dla indywidualnego cz\u0142owieka, jak i dla ca\u0142ego spo\u0142ecze\u0144stwa.<\/p>\n\n\n\n<p>Dzia\u0142amy od 2023 roku. Nasz\u0105 misj\u0105 jest wspieranie m\u0142odych ludzi w rozwoju ich pasji i zainteresowa\u0144. Wype\u0142nianiu tej misji maj\u0105 s\u0142u\u017cy\u0107 przede wszystkim stypendia, nieodp\u0142atne warsztaty, obozy, sta\u017ce naukowe, koncerty i wystawy, praktyki zagraniczne dla uczni\u00f3w, kt\u00f3rzy chc\u0105 rozwija\u0107 swoje pasje i zainteresowania. Chcemy ich wspiera\u0107, by mogli w przysz\u0142o\u015bci zmienia\u0107 \u015bwiat na lepsze. Tworzymy wsp\u00f3lnot\u0119 ludzi pragn\u0105cych nie tylko zdobywa\u0107 wiedz\u0119 i dzieli\u0107 si\u0119 ni\u0105, ale przede wszystkim wsp\u00f3lnot\u0119 ludzi z pasj\u0105 \u2013 przestrze\u0144, w kt\u00f3rej mog\u0105 swobodnie rozwija\u0107 si\u0119 zainteresowania, kreatywno\u015b\u0107, dociekliwo\u015b\u0107, wytrwa\u0142o\u015b\u0107 i odwaga.<\/p>\n\n\n\n<p>Nasz\u0105 misj\u0105 jest piel\u0119gnacja talent\u00f3w, promocja m\u0142odzie\u0144czych pasji, rozwijanie w naszych stypendystach kreatywno\u015bci, samodzielno\u015bci, umiej\u0119tno\u015bci eksperymentowania, zdolno\u015bci krytycznego my\u015blenia i dociekliwo\u015bci. W naszej pracy z m\u0142odzie\u017c\u0105 najwi\u0119ksze znaczenie ma rozbudzanie ciekawo\u015bci i odwagi intelektualnej, a tak\u017ce kszta\u0142towanie otwarto\u015bci na inne dyscypliny, pogl\u0105dy, rozwi\u0105zania. Dzi\u0119ki temu absolwenci Fundacji maj\u0105 szans\u0119 wyruszy\u0107 w \u015bwiat jako otwarci, \u015bwiadomi ludzie o szerokich horyzontach.<\/p>\n\n\n\n<p>W trosce o dost\u0119pno\u015b\u0107 naszego wsparcia dla jak najwi\u0119kszej grupy m\u0142odzie\u017cy, prowadzimy szerokie konsultacje z wychowawcami i nauczycielami lokalnych szk\u00f3\u0142 oraz ekspertami tak z Polski, jak i zagranicy. Nasze dzia\u0142ania pomocowe maj\u0105 s\u0142u\u017cy\u0107 rozwijaniu pasji i talent\u00f3w, aby m\u0142odzi ludzie z ma\u0142ych miejscowo\u015bci i \u015brodowisk niesprzyjaj\u0105cych rozwojowi, mogli zetkn\u0105\u0107 si\u0119 bezpo\u015brednio nie tylko z najnowocze\u015bniejsz\u0105 nauk\u0105 i najambitniejsz\u0105 kultur\u0105, ale te\u017c by mieli szanse na pog\u0142\u0119bianie swoich zainteresowa\u0144 i rozw\u00f3j talent\u00f3w.<\/p>\n\n\n\n<p>Chcemy budzi\u0107 w m\u0142odych ludziach ciekawo\u015b\u0107 \u015bwiata oraz podarowa\u0107 im narz\u0119dzia do jej zaspokajania. Naszym celem jest tak\u017ce tworzenie spo\u0142eczno\u015bci ludzi z pasj\u0105. Dlatego nasza dzia\u0142alno\u015b\u0107 nie by\u0142aby mo\u017cliwa bez wsp\u00f3\u0142pracy z licznymi szko\u0142ami i uczelniami, instytucjami kultury, a tak\u017ce z pracownikami naukowymi, artystami i dzia\u0142aczami spo\u0142ecznymi, a przede wszystkim z lud\u017ami znanymi i podziwianymi za \u017cycie z pasj\u0105.<\/p>\n\n\n\n<p>W naszej pracy kierujemy si\u0119 szacunkiem dla r\u00f3\u017cnorodno\u015bci. K\u0142adziemy nacisk na interdyscyplinarno\u015b\u0107, wskazujemy na fundamentalne znaczenie zapa\u0142u w rozwijaniu w\u0142asnych pasji i talent\u00f3w, promujemy niestrudzone d\u0105\u017cenie do osi\u0105gni\u0119cia wyznaczonego celu i spe\u0142niania najbardziej \u015bmia\u0142ych marze\u0144. Dzia\u0142amy tak, by ka\u017cdy m\u0142ody cz\u0142owiek \u2013 niezale\u017cnie od statusu materialnego, miejsca zamieszkania i \u015brodowiska, z kt\u00f3rego pochodzi \u2013 m\u00f3g\u0142 w pe\u0142ni rozwija\u0107 swoje zdolno\u015bci i spe\u0142nia\u0107 marzenia. Wierzmy, \u017ce nawet ma\u0142y impuls mo\u017ce przynie\u015b\u0107 du\u017c\u0105 zmian\u0119. Otwieramy przed naszymi stypendystami nowe \u015bcie\u017cki rozwoju, by mogli bez przeszk\u00f3d pod\u0105\u017ca\u0107 za swoimi pasjami i zmienia\u0107 \u015bwiat wok\u00f3\u0142 siebie na lepsze. To wszystko udaje si\u0119 dzi\u0119ki wsparciu darczy\u0144c\u00f3w, kt\u00f3rzy poprzez ofiarowan\u0105 konkretn\u0105 pomoc finansow\u0105, staj\u0105 si\u0119 cz\u0119\u015bci\u0105 spo\u0142eczno\u015bci ludzi z pasj\u0105 tworz\u0105cych Fundacj\u0119 \u201eBagatelka<\/p>\n","protected":false},"excerpt":{"rendered":"<p>Fundacja \u201eBagatelka\u201d jest organizacj\u0105 zrzeszaj\u0105c\u0105 ludzi kultury i nauki, pedagog\u00f3w, przedsi\u0119biorc\u00f3w, artyst\u00f3w oraz ludzi przekonanych, \u017ce rozw\u00f3j m\u0142odzie\u0144czych talent\u00f3w i pasji to sprawa bardzo istotna tak dla indywidualnego cz\u0142owieka, jak i dla ca\u0142ego spo\u0142ecze\u0144stwa. Dzia\u0142amy od 2023 roku. Nasz\u0105 misj\u0105 jest wspieranie m\u0142odych ludzi w rozwoju ich pasji i zainteresowa\u0144. Wype\u0142nianiu tej misji maj\u0105 s\u0142u\u017cy\u0107 &hellip; <\/p>\n<p class=\"link-more\"><a href=\"https:\/\/fundacja.bagatelka.info\/\" class=\"more-link\">Czytaj dalej<span class=\"screen-reader-text\"> \u201eStrona g\u0142\u00f3wna\u201d<\/span><\/a><\/p>\n","protected":false},"author":1,"featured_media":0,"parent":0,"menu_order":0,"comment_status":"closed","ping_status":"closed","template":"","meta":{"footnotes":""},"class_list":["post-21","page","type-page","status-publish","hentry"],"yoast_head":"<!-- This site is optimized with the Yoast SEO plugin v22.2 - https:\/\/yoast.com\/wordpress\/plugins\/seo\/ -->\n<title>Strona g\u0142\u00f3wna - Fundacja bagatelka<\/title>\n<meta name=\"robots\" content=\"index, follow, max-snippet:-1, max-image-preview:large, max-video-preview:-1\" \/>\n<link rel=\"canonical\" href=\"https:\/\/fundacja.bagatelka.info\/\" \/>\n<meta property=\"og:locale\" content=\"pl_PL\" \/>\n<meta property=\"og:type\" content=\"article\" \/>\n<meta property=\"og:title\" content=\"Strona g\u0142\u00f3wna - Fundacja bagatelka\" \/>\n<meta property=\"og:description\" content=\"Fundacja \u201eBagatelka\u201d jest organizacj\u0105 zrzeszaj\u0105c\u0105 ludzi kultury i nauki, pedagog\u00f3w, przedsi\u0119biorc\u00f3w, artyst\u00f3w oraz ludzi przekonanych, \u017ce rozw\u00f3j m\u0142odzie\u0144czych talent\u00f3w i pasji to sprawa bardzo istotna tak dla indywidualnego cz\u0142owieka, jak i dla ca\u0142ego spo\u0142ecze\u0144stwa. Dzia\u0142amy od 2023 roku. Nasz\u0105 misj\u0105 jest wspieranie m\u0142odych ludzi w rozwoju ich pasji i zainteresowa\u0144. Wype\u0142nianiu tej misji maj\u0105 s\u0142u\u017cy\u0107 &hellip; Czytaj dalej \u201eStrona g\u0142\u00f3wna\u201d\" \/>\n<meta property=\"og:url\" content=\"https:\/\/fundacja.bagatelka.info\/\" \/>\n<meta property=\"og:site_name\" content=\"Fundacja bagatelka\" \/>\n<meta property=\"article:modified_time\" content=\"2024-03-15T20:48:10+00:00\" \/>\n<meta name=\"twitter:card\" content=\"summary_large_image\" \/>\n<meta name=\"twitter:label1\" content=\"Szacowany czas czytania\" \/>\n\t<meta name=\"twitter:data1\" content=\"3 minuty\" \/>\n<script type=\"application\/ld+json\" class=\"yoast-schema-graph\">{\"@context\":\"https:\/\/schema.org\",\"@graph\":[{\"@type\":\"WebPage\",\"@id\":\"https:\/\/fundacja.bagatelka.info\/\",\"url\":\"https:\/\/fundacja.bagatelka.info\/\",\"name\":\"Strona g\u0142\u00f3wna - Fundacja bagatelka\",\"isPartOf\":{\"@id\":\"https:\/\/fundacja.bagatelka.info\/#website\"},\"datePublished\":\"2024-03-15T20:42:10+00:00\",\"dateModified\":\"2024-03-15T20:48:10+00:00\",\"breadcrumb\":{\"@id\":\"https:\/\/fundacja.bagatelka.info\/#breadcrumb\"},\"inLanguage\":\"pl-PL\",\"potentialAction\":[{\"@type\":\"ReadAction\",\"target\":[\"https:\/\/fundacja.bagatelka.info\/\"]}]},{\"@type\":\"BreadcrumbList\",\"@id\":\"https:\/\/fundacja.bagatelka.info\/#breadcrumb\",\"itemListElement\":[{\"@type\":\"ListItem\",\"position\":1,\"name\":\"Home\",\"item\":\"https:\/\/fundacja.bagatelka.info\/\"},{\"@type\":\"ListItem\",\"position\":2,\"name\":\"Strona g\u0142\u00f3wna\"}]},{\"@type\":\"WebSite\",\"@id\":\"https:\/\/fundacja.bagatelka.info\/#website\",\"url\":\"https:\/\/fundacja.bagatelka.info\/\",\"name\":\"Fundacja bagatelka\",\"description\":\"\",\"publisher\":{\"@id\":\"https:\/\/fundacja.bagatelka.info\/#organization\"},\"potentialAction\":[{\"@type\":\"SearchAction\",\"target\":{\"@type\":\"EntryPoint\",\"urlTemplate\":\"https:\/\/fundacja.bagatelka.info\/?s={search_term_string}\"},\"query-input\":\"required name=search_term_string\"}],\"inLanguage\":\"pl-PL\"},{\"@type\":\"Organization\",\"@id\":\"https:\/\/fundacja.bagatelka.info\/#organization\",\"name\":\"Fundacja bagatelka\",\"url\":\"https:\/\/fundacja.bagatelka.info\/\",\"logo\":{\"@type\":\"ImageObject\",\"inLanguage\":\"pl-PL\",\"@id\":\"https:\/\/fundacja.bagatelka.info\/#\/schema\/logo\/image\/\",\"url\":\"https:\/\/fundacja.bagatelka.info\/wp-content\/uploads\/2024\/03\/cropped-logobag1.png\",\"contentUrl\":\"https:\/\/fundacja.bagatelka.info\/wp-content\/uploads\/2024\/03\/cropped-logobag1.png\",\"width\":250,\"height\":250,\"caption\":\"Fundacja bagatelka\"},\"image\":{\"@id\":\"https:\/\/fundacja.bagatelka.info\/#\/schema\/logo\/image\/\"}}]}<\/script>\n<!-- \/ Yoast SEO plugin. -->","yoast_head_json":{"title":"Strona g\u0142\u00f3wna - Fundacja bagatelka","robots":{"index":"index","follow":"follow","max-snippet":"max-snippet:-1","max-image-preview":"max-image-preview:large","max-video-preview":"max-video-preview:-1"},"canonical":"https:\/\/fundacja.bagatelka.info\/","og_locale":"pl_PL","og_type":"article","og_title":"Strona g\u0142\u00f3wna - Fundacja bagatelka","og_description":"Fundacja \u201eBagatelka\u201d jest organizacj\u0105 zrzeszaj\u0105c\u0105 ludzi kultury i nauki, pedagog\u00f3w, przedsi\u0119biorc\u00f3w, artyst\u00f3w oraz ludzi przekonanych, \u017ce rozw\u00f3j m\u0142odzie\u0144czych talent\u00f3w i pasji to sprawa bardzo istotna tak dla indywidualnego cz\u0142owieka, jak i dla ca\u0142ego spo\u0142ecze\u0144stwa. Dzia\u0142amy od 2023 roku. Nasz\u0105 misj\u0105 jest wspieranie m\u0142odych ludzi w rozwoju ich pasji i zainteresowa\u0144. Wype\u0142nianiu tej misji maj\u0105 s\u0142u\u017cy\u0107 &hellip; Czytaj dalej \u201eStrona g\u0142\u00f3wna\u201d","og_url":"https:\/\/fundacja.bagatelka.info\/","og_site_name":"Fundacja bagatelka","article_modified_time":"2024-03-15T20:48:10+00:00","twitter_card":"summary_large_image","twitter_misc":{"Szacowany czas czytania":"3 minuty"},"schema":{"@context":"https:\/\/schema.org","@graph":[{"@type":"WebPage","@id":"https:\/\/fundacja.bagatelka.info\/","url":"https:\/\/fundacja.bagatelka.info\/","name":"Strona g\u0142\u00f3wna - Fundacja bagatelka","isPartOf":{"@id":"https:\/\/fundacja.bagatelka.info\/#website"},"datePublished":"2024-03-15T20:42:10+00:00","dateModified":"2024-03-15T20:48:10+00:00","breadcrumb":{"@id":"https:\/\/fundacja.bagatelka.info\/#breadcrumb"},"inLanguage":"pl-PL","potentialAction":[{"@type":"ReadAction","target":["https:\/\/fundacja.bagatelka.info\/"]}]},{"@type":"BreadcrumbList","@id":"https:\/\/fundacja.bagatelka.info\/#breadcrumb","itemListElement":[{"@type":"ListItem","position":1,"name":"Home","item":"https:\/\/fundacja.bagatelka.info\/"},{"@type":"ListItem","position":2,"name":"Strona g\u0142\u00f3wna"}]},{"@type":"WebSite","@id":"https:\/\/fundacja.bagatelka.info\/#website","url":"https:\/\/fundacja.bagatelka.info\/","name":"Fundacja bagatelka","description":"","publisher":{"@id":"https:\/\/fundacja.bagatelka.info\/#organization"},"potentialAction":[{"@type":"SearchAction","target":{"@type":"EntryPoint","urlTemplate":"https:\/\/fundacja.bagatelka.info\/?s={search_term_string}"},"query-input":"required name=search_term_string"}],"inLanguage":"pl-PL"},{"@type":"Organization","@id":"https:\/\/fundacja.bagatelka.info\/#organization","name":"Fundacja bagatelka","url":"https:\/\/fundacja.bagatelka.info\/","logo":{"@type":"ImageObject","inLanguage":"pl-PL","@id":"https:\/\/fundacja.bagatelka.info\/#\/schema\/logo\/image\/","url":"https:\/\/fundacja.bagatelka.info\/wp-content\/uploads\/2024\/03\/cropped-logobag1.png","contentUrl":"https:\/\/fundacja.bagatelka.info\/wp-content\/uploads\/2024\/03\/cropped-logobag1.png","width":250,"height":250,"caption":"Fundacja bagatelka"},"image":{"@id":"https:\/\/fundacja.bagatelka.info\/#\/schema\/logo\/image\/"}}]}},"_links":{"self":[{"href":"https:\/\/fundacja.bagatelka.info\/index.php\/wp-json\/wp\/v2\/pages\/21","targetHints":{"allow":["GET"]}}],"collection":[{"href":"https:\/\/fundacja.bagatelka.info\/index.php\/wp-json\/wp\/v2\/pages"}],"about":[{"href":"https:\/\/fundacja.bagatelka.info\/index.php\/wp-json\/wp\/v2\/types\/page"}],"author":[{"embeddable":true,"href":"https:\/\/fundacja.bagatelka.info\/index.php\/wp-json\/wp\/v2\/users\/1"}],"replies":[{"embeddable":true,"href":"https:\/\/fundacja.bagatelka.info\/index.php\/wp-json\/wp\/v2\/comments?post=21"}],"version-history":[{"count":2,"href":"https:\/\/fundacja.bagatelka.info\/index.php\/wp-json\/wp\/v2\/pages\/21\/revisions"}],"predecessor-version":[{"id":41,"href":"https:\/\/fundacja.bagatelka.info\/index.php\/wp-json\/wp\/v2\/pages\/21\/revisions\/41"}],"wp:attachment":[{"href":"https:\/\/fundacja.bagatelka.info\/index.php\/wp-json\/wp\/v2\/media?parent=21"}],"curies":[{"name":"wp","href":"https:\/\/api.w.org\/{rel}","templated":true}]}}